{"id":10288,"date":"2020-07-08T12:59:53","date_gmt":"2020-07-08T10:59:53","guid":{"rendered":"https:\/\/www.geri.it\/ita\/?page_id=10288"},"modified":"2021-11-10T17:06:42","modified_gmt":"2021-11-10T16:06:42","slug":"recupero-crediti-giudiziale","status":"publish","type":"page","link":"https:\/\/www.geri.it\/ita\/recupero-crediti-giudiziale\/","title":{"rendered":"Recupero Crediti Giudiziale"},"content":{"rendered":"<p>[vc_row][vc_column width=&#8221;7\/12&#8243;][vc_empty_space]<div class=\"section-title title-block title-style-1 text-left\"><span class=\"top-title\"><\/span><h2 class=\"title\">Le nostre azioni di Recupero Crediti Giudiziale sono sempre efficaci<\/h2><\/div>[vc_row_inner css=&#8221;.vc_custom_1477365697235{padding-top: 50px !important;}&#8221;][vc_column_inner][vc_column_text]<strong>IL RECUPERO CREDITI GIUDIZIALE SECONDO GE.RI.<\/strong><\/p>\n<p style=\"text-align: justify;\">Il recupero crediti giudiziale viene avviato quando il tentativo di recuperare un credito in modo stragiudiziale, quindi bonario, \u00e8 fallito o nel caso in cui si sia in presenza di<strong> insoluti<\/strong> particolarmente anziani e complessi.<\/p>\n<p style=\"text-align: justify;\">Nel recupero crediti giudiziale Ge.Ri. si avvale di diversi <strong>team di avvocati<\/strong> interni alla struttura; questi, con competenze diversificate, analizzano ogni singolo caso e offrono un parere in merito all&#8217;opportunit\u00e0 di intraprendere <strong>l\u2019azione giudiziale<\/strong>. Quindi, Ge.Ri. coordina l\u2019intervento di avvocati in grado di supportare le specifiche esigenze dei clienti.<\/p>\n<p style=\"text-align: justify;\">Ge.Ri. garantisce un\u2019<strong>analisi preventiva<\/strong> della posizione del debitore e fornisce al cliente le informazioni necessarie che permettono di valutare se intraprendere un\u2019azione giudiziale nei confronti del debitore.<\/p>\n<p style=\"text-align: justify;\">Nel caso in cui, a seguito delle informazioni assunte sul debitore, si presentasse una <strong>situazione economica, finanziaria e patrimoniale<\/strong> negativa, Ge.Ri. consiglia la non convenienza a dare corso all&#8217;azione legale; oppure, per i crediti di elevato importo, suggerisce la convenienza ad avviare una procedura giudiziaria con esito negativo certo o altamente probabile, al solo ed esclusivo fine di portare <strong>in detrazione<\/strong> il credito inesigibile.<\/p>\n<p>[\/vc_column_text][\/vc_column_inner][\/vc_row_inner][\/vc_column][vc_column width=&#8221;5\/12&#8243;][vc_empty_space][vc_single_image image=&#8221;11756&#8243; img_size=&#8221;full&#8221;][\/vc_column][\/vc_row][vc_row][vc_column][vc_empty_space][vc_column_text]<\/p>\n<p style=\"color: #727272; line-height: 1.8;\">Se, invece, la situazione economica, patrimoniale e finanziaria del debitore risultasse nel complesso positiva, Ge.Ri. promuove un\u2019azione giudiziale di <strong>recupero crediti<\/strong>.<\/p>\n<p>Ge.Ri. pu\u00f2 seguire anche l\u2019attivit\u00e0 di recupero attraverso la gestione delle posizioni di credito per le quali la controparte ha incaricato un proprio Avvocato; pu\u00f2 cos\u00ec offrire una <strong>supervisione<\/strong> per i procedimenti di carattere giudiziale intrapresi su incarico dei propri Clienti.<\/p>\n<p><span style=\"font-size: 14pt; color: #000000;\"><strong>Oltre all\u2019aspetto di analisi delle condizioni del debitore,<\/strong><\/span><br \/>\n<span style=\"font-size: 14pt; color: #000000;\"><strong>Ge.Ri. struttura e supporta i clienti anche in altre azioni identificabili con il processo monitorio,<\/strong><\/span><br \/>\n<span style=\"font-size: 14pt; color: #000000;\"><strong>quello di opposizione ed esecutivo e le procedure concorsuali.<\/strong><\/span>[\/vc_column_text][vc_empty_space height=&#8221;52px&#8221;][\/vc_column][\/vc_row][vc_row css=&#8221;.vc_custom_1617095369829{padding-top: 60px !important;background-image: url(https:\/\/www.geri.it\/ita\/wp-content\/uploads\/2021\/02\/rec_giudiziale_slider_interno.jpg?id=11656) !important;background-position: center !important;background-repeat: no-repeat !important;background-size: cover !important;}&#8221;][vc_column][vc_row_inner content_placement=&#8221;middle&#8221; css=&#8221;.vc_custom_1614174036329{background-position: center !important;background-repeat: no-repeat !important;background-size: cover !important;}&#8221;][vc_column_inner width=&#8221;1\/4&#8243;][\/vc_column_inner][vc_column_inner width=&#8221;1\/2&#8243; css=&#8221;.vc_custom_1614160958236{padding-bottom: 30px !important;}&#8221;][vc_column_text]<\/p>\n<p style=\"text-align: center;\"><span style=\"font-size: 18pt; color: #ffffff;\"><strong>Il team legal di Ge.Ri. oltre a svolgere servizi specifi di gestione del credito offre attraverso professionisti qualificati e di esperienza tanti altri servizi<\/strong><strong>.<\/strong><\/span><\/p>\n<p style=\"text-align: center;\"><span style=\"font-size: 24pt; color: #ffffff;\"><a style=\"color: #ffffff;\" href=\"https:\/\/www.masterlegal.geri.it\/\"><strong>SCOPRI DI PIU&#8217;<\/strong><\/a><\/span><\/p>\n<p>\u00a0[\/vc_column_text][\/vc_column_inner][vc_column_inner width=&#8221;1\/4&#8243;][\/vc_column_inner][\/vc_row_inner][vc_empty_space height=&#8221;52px&#8221;][\/vc_column][\/vc_row][vc_row css=&#8221;.vc_custom_1614160714768{padding-top: 60px !important;}&#8221;][vc_column][vc_row_inner css=&#8221;.vc_custom_1614160966408{padding-top: 30px !important;}&#8221;][vc_column_inner width=&#8221;1\/2&#8243;]<div class=\"amwal-icon-box  box-style-1\">\r\n\t\t\t\t <span class=\"b-icon icon-trophy\"><\/span><h4 class=\"title\">Le azioni monitorie si articolano nei seguenti aspetti:<\/h4><div class=\"desc\"><ul>\n<li style=\"text-align: justify;\">\u00a0Invio Raccomandata di Diffida\/Messa in Mora Legale e verifica dell\u2019esito di\u00a0 \u00a0 \u00a0 spedizione;<\/li>\n<li style=\"text-align: justify;\">\u00a0Reperimento e verifica della documentazione utile per deposito del Decreto\u00a0 \u00a0 Ingiuntivo;<\/li>\n<li style=\"text-align: justify;\">\u00a0Predisposizione Ricorso per Decreto Ingiuntivo ed iscrizione a ruolo;<\/li>\n<li style=\"text-align: justify;\">\u00a0Monitoraggio emissione;<\/li>\n<li style=\"text-align: justify;\">\u00a0Rilevazione notifica;<\/li>\n<li style=\"text-align: justify;\">\u00a0Controllo tempistiche utili a rendere il decreto definitivo;<\/li>\n<li style=\"text-align: justify;\">\u00a0Richiesta estrazione copie per notifica;<\/li>\n<li style=\"text-align: justify;\">Gestione cartoline avvenuto deposito (CAD) e avvenuta notifica (CAN);<\/li>\n<li style=\"text-align: justify;\">\u00a0Osservazione tempi per decreto definitivo e\/o eventuali opposizioni.<\/li>\n<\/ul>\n<\/div>\r\n\t\t\t<\/div>[\/vc_column_inner][vc_column_inner width=&#8221;1\/2&#8243;]<div class=\"amwal-icon-box  box-style-1\">\r\n\t\t\t\t <span class=\"b-icon icon-briefcase\"><\/span><h4 class=\"title\">Il processo di opposizione ed esecutivo si articola come segue:<\/h4><div class=\"desc\"><ul>\n<li>\u00a0Gestione dell\u2019eventuale opposizione;<\/li>\n<li>\u00a0Richiesta apposizione Formula Esecutiva;<\/li>\n<li>\u00a0Monitoraggio concessione Formula Esecutiva;<\/li>\n<li>\u00a0Predisposizione e notifica Atto di Precetto;<\/li>\n<li>\u00a0Controllo deposito e notifica Precetto;<\/li>\n<li>\u00a0Pignoramento Presso Terzi, Mobiliare, Immobiliare;<\/li>\n<li>\u00a0Rilevazione udienza assegnazione somme.<\/li>\n<\/ul>\n<\/div>\r\n\t\t\t<\/div>[\/vc_column_inner][\/vc_row_inner][vc_empty_space height=&#8221;52px&#8221;][vc_column_text]<\/p>\n<p style=\"text-align: justify;\">Infine, nel caso in cui i tuoi debitori siano soggetti a <strong>Procedure concorsuali<\/strong> \u00e8 possibile avere comunque degli ottimi utili.<\/p>\n<p style=\"text-align: justify;\">Come fare? Semplice. Ge.Ri. lo fa per te. Con le <strong>Istanze di insinuazione<\/strong> al passivo nella Procedura \u00e8 possibile partecipare alla distribuzione dei <strong>riparti fra creditori<\/strong>, ma soprattutto si acquisisce il titolo per il <a href=\"https:\/\/www.geri.it\/ita\/recupero-iva\/\">recupero fiscale dell\u2019IVA<\/a>.<\/p>\n<p style=\"text-align: justify;\">Abbiamo maturato una <strong>significativa esperienza<\/strong> nelle varie problematiche inerenti la crisi e l\u2019insolvenza d\u2019impresa e siamo in grado di assistere creditori, societ\u00e0, amministratori, finanziatori e organi delle procedure anche nelle situazioni di pi\u00f9 profonda negativit\u00e0.<\/p>\n<p>Ge.Ri. <strong>garantisce<\/strong>:<br \/>\n&#8211; Verifica preventiva delle singole posizioni in Procedura;<br \/>\n&#8211; Predisposizione della documentazione necessaria all\u2019Insinuazione;<br \/>\n&#8211; Redazione e trasmissione agli Organi designati;<br \/>\n&#8211; Monitoraggio presso i Tribunali;<br \/>\n&#8211; Intervento con Opposizione giudiziale nei casi critici;<br \/>\n&#8211; Puntuale verifica dei riparti;<br \/>\n&#8211; Stesura di Nota di variazione per la detrazione dell\u2019IVA entro i termini di Legge.[\/vc_column_text][vc_empty_space][vc_column_text]Il tutto costantemente al passo con le ultime <strong>normative vigenti<\/strong>.[\/vc_column_text][\/vc_column][\/vc_row][vc_row css=&#8221;.vc_custom_1477380133908{padding-top: 60px !important;}&#8221;][vc_column][vc_cta h2=&#8221;La consulenza Ge.Ri. per il recupero crediti giudiziale&#8221; txt_align=&#8221;center&#8221; style=&#8221;custom&#8221; add_button=&#8221;bottom&#8221; btn_title=&#8221;Richiedi una Consulenza&#8221; btn_color=&#8221;white&#8221; btn_size=&#8221;lg&#8221; btn_align=&#8221;center&#8221; custom_background=&#8221;#006535&#8243; custom_text=&#8221;#ffffff&#8221; btn_link=&#8221;url:https%3A%2F%2Fwww.geri.it%2Fita%2Fchiedi-informazioni%2F|||&#8221;][\/vc_cta][\/vc_column][\/vc_row]<\/p>\n","protected":false},"excerpt":{"rendered":"<p>[vc_row][vc_column width=&#8221;7\/12&#8243;][vc_empty_space][vc_row_inner css=&#8221;.vc_custom_1477365697235{padding-top: 50px !important;}&#8221;][vc_column_inner][vc_column_text]IL RECUPERO CREDITI GIUDIZIALE SECONDO GE.RI. Il recupero crediti giudiziale viene avviato quando il tentativo di recuperare un credito in modo stragiudiziale, quindi bonario, \u00e8 fallito o nel caso in cui si sia in presenza di insoluti particolarmente anziani e complessi. Nel recupero crediti giudiziale Ge.Ri. si avvale di diversi team&hellip;<\/p>\n","protected":false},"author":1,"featured_media":0,"parent":0,"menu_order":0,"comment_status":"closed","ping_status":"closed","template":"template-full-width.php","meta":{"_monsterinsights_skip_tracking":false,"_monsterinsights_sitenote_active":false,"_monsterinsights_sitenote_note":"","_monsterinsights_sitenote_category":0,"footnotes":""},"yoast_head":"<!-- This site is optimized with the Yoast SEO plugin v14.9 - https:\/\/yoast.com\/wordpress\/plugins\/seo\/ -->\n<title>Recupero Crediti Giudiziale - GE.RI. - Milano - www.geri.it<\/title>\n<meta name=\"description\" content=\"Il recupero crediti giudiziale viene avviato quando il tentativo di recuperare un credito in modo stragiudiziale \u00e8 fallito o nel caso in cui..\" \/>\n<meta name=\"robots\" content=\"index, follow, max-snippet:-1, max-image-preview:large, max-video-preview:-1\" \/>\n<link rel=\"canonical\" href=\"https:\/\/www.geri.it\/ita\/recupero-crediti-giudiziale\/\" \/>\n<meta property=\"og:locale\" content=\"it_IT\" \/>\n<meta property=\"og:type\" content=\"article\" \/>\n<meta property=\"og:title\" content=\"Recupero Crediti Giudiziale - GE.RI. - Milano - www.geri.it\" \/>\n<meta property=\"og:description\" content=\"Il recupero crediti giudiziale viene avviato quando il tentativo di recuperare un credito in modo stragiudiziale \u00e8 fallito o nel caso in cui..\" \/>\n<meta property=\"og:url\" content=\"https:\/\/www.geri.it\/ita\/recupero-crediti-giudiziale\/\" \/>\n<meta property=\"og:site_name\" content=\"GERI.IT\" \/>\n<meta property=\"article:modified_time\" content=\"2021-11-10T16:06:42+00:00\" \/>\n<meta name=\"twitter:card\" content=\"summary_large_image\" \/>\n<script type=\"application\/ld+json\" class=\"yoast-schema-graph\">{\"@context\":\"https:\/\/schema.org\",\"@graph\":[{\"@type\":\"WebSite\",\"@id\":\"https:\/\/www.geri.it\/ita\/#website\",\"url\":\"https:\/\/www.geri.it\/ita\/\",\"name\":\"GERI.IT\",\"description\":\"Diamo credito al tuo Business\",\"potentialAction\":[{\"@type\":\"SearchAction\",\"target\":\"https:\/\/www.geri.it\/ita\/?s={search_term_string}\",\"query-input\":\"required name=search_term_string\"}],\"inLanguage\":\"it-IT\"},{\"@type\":\"WebPage\",\"@id\":\"https:\/\/www.geri.it\/ita\/recupero-crediti-giudiziale\/#webpage\",\"url\":\"https:\/\/www.geri.it\/ita\/recupero-crediti-giudiziale\/\",\"name\":\"Recupero Crediti Giudiziale - GE.RI. - Milano - www.geri.it\",\"isPartOf\":{\"@id\":\"https:\/\/www.geri.it\/ita\/#website\"},\"datePublished\":\"2020-07-08T10:59:53+00:00\",\"dateModified\":\"2021-11-10T16:06:42+00:00\",\"description\":\"Il recupero crediti giudiziale viene avviato quando il tentativo di recuperare un credito in modo stragiudiziale \\u00e8 fallito o nel caso in cui..\",\"inLanguage\":\"it-IT\",\"potentialAction\":[{\"@type\":\"ReadAction\",\"target\":[\"https:\/\/www.geri.it\/ita\/recupero-crediti-giudiziale\/\"]}]}]}<\/script>\n<!-- \/ Yoast SEO plugin. -->","_links":{"self":[{"href":"https:\/\/www.geri.it\/ita\/wp-json\/wp\/v2\/pages\/10288"}],"collection":[{"href":"https:\/\/www.geri.it\/ita\/wp-json\/wp\/v2\/pages"}],"about":[{"href":"https:\/\/www.geri.it\/ita\/wp-json\/wp\/v2\/types\/page"}],"author":[{"embeddable":true,"href":"https:\/\/www.geri.it\/ita\/wp-json\/wp\/v2\/users\/1"}],"replies":[{"embeddable":true,"href":"https:\/\/www.geri.it\/ita\/wp-json\/wp\/v2\/comments?post=10288"}],"version-history":[{"count":46,"href":"https:\/\/www.geri.it\/ita\/wp-json\/wp\/v2\/pages\/10288\/revisions"}],"predecessor-version":[{"id":12089,"href":"https:\/\/www.geri.it\/ita\/wp-json\/wp\/v2\/pages\/10288\/revisions\/12089"}],"wp:attachment":[{"href":"https:\/\/www.geri.it\/ita\/wp-json\/wp\/v2\/media?parent=10288"}],"curies":[{"name":"wp","href":"https:\/\/api.w.org\/{rel}","templated":true}]}}