{"id":10410,"date":"2020-07-29T17:38:34","date_gmt":"2020-07-29T15:38:34","guid":{"rendered":"https:\/\/www.geri.it\/ita\/?page_id=10410"},"modified":"2021-04-28T12:32:47","modified_gmt":"2021-04-28T10:32:47","slug":"recupero-crediti-stragiudiziale","status":"publish","type":"page","link":"https:\/\/www.geri.it\/ita\/recupero-crediti-stragiudiziale\/","title":{"rendered":"Recupero Crediti Stragiudiziale"},"content":{"rendered":"<p>[vc_row][vc_column width=&#8221;1\/2&#8243; offset=&#8221;vc_hidden-xs&#8221;][vc_empty_space height=&#8221;50px&#8221;][vc_single_image image=&#8221;11762&#8243; img_size=&#8221;full&#8221;][\/vc_column][vc_column width=&#8221;1\/2&#8243; offset=&#8221;vc_hidden-xs&#8221;][vc_empty_space height=&#8221;50px&#8221;]<div class=\"section-title title-block title-style-1 text-left\"><span class=\"top-title\"><\/span><h2 class=\"title\">Recuperiamo i Crediti con Fermezza e Rispetto, curando l'immagine aziendale<\/h2><\/div>[vc_empty_space][vc_column_text]<strong><span style=\"vertical-align: inherit;\"><span style=\"vertical-align: inherit;\">RECUPERO CREDITI STRAGIUDIZIALE SECONDO GE.RI.<\/span><\/span><\/strong><br \/>\nIl <strong>recupero crediti stragiudiziale<\/strong> \u00e8 la prima azione che si intraprende per ottenere il pagamento di un servizio\/prodotto che un cliente non ha pagato.<\/p>\n<p>Ge.Ri. se ne occupa <strong>da oltre 20 anni<\/strong> per piccole e grandi imprese, scegliendo il consulente giusto per la vostra realt\u00e0, che sapr\u00e0 approcciarsi al meglio alla vostra clientela.[\/vc_column_text][vc_empty_space][vc_column_text]<strong>COME SI SVOLGE IL RECUPERO CREDITI STRAGIUDIZIALE?<\/strong><br \/>\nIl processo di recupero crediti stragiudiziale si svolge nelle seguenti <strong>fasi<\/strong>.<\/p>\n<p>1. la scelta del consulente e l\u2019avvio della pratica;<br \/>\n2. il sollecito per posta;<br \/>\n3. il sollecito telefonico;<br \/>\n4. l\u2019incontro;<br \/>\n5. la diffida legale;<br \/>\n6. la certificazione di inesigibilit\u00e0.[\/vc_column_text][vc_empty_space height=&#8221;20px&#8221;][\/vc_column][\/vc_row][vc_row][vc_column width=&#8221;1\/2&#8243; offset=&#8221;vc_hidden-lg vc_hidden-md vc_hidden-sm&#8221;][vc_empty_space][\/vc_column][vc_column width=&#8221;1\/2&#8243; offset=&#8221;vc_hidden-lg vc_hidden-md vc_hidden-sm&#8221;][vc_empty_space height=&#8221;50px&#8221;]<div class=\"section-title title-block title-style-2\"><span class=\"top-title\"><\/span><h2 class=\"title\">Recuperiamo i Crediti con Fermezza e Rispetto, curando l'immagine aziendale<\/h2><\/div>[vc_empty_space][vc_column_text]<strong><span style=\"vertical-align: inherit;\"><span style=\"vertical-align: inherit;\">RECUPERO CREDITI STRAGIUDIZIALE SECONDO GE.RI<\/span><\/span><\/strong><br \/>\nIl <strong>recupero crediti stragiudiziale<\/strong> \u00e8 la prima azione che si intraprende per ottenere il pagamento di un servizio o prodotto che un cliente non ha pagato.<\/p>\n<p>Ge.Ri. se ne occupa da oltre 20 anni per piccole e grandi imprese, scegliendo il consulente giusto per la vostra realt\u00e0 e che sapr\u00e0 approcciarsi al migliore alla vostra clientela.[\/vc_column_text][vc_empty_space][vc_single_image image=&#8221;11762&#8243; img_size=&#8221;full&#8221;][vc_empty_space][vc_column_text]<strong>COME SI SVOLGE IL RECUPERO CREDITI STRAGIUDIZIALE?<\/strong><br \/>\nIl processo di recupero crediti stragiudiziale si svolge in queste fasi:<\/p>\n<p>1. la scelta del consulente e l\u2019avvio della pratica<br \/>\n2. il sollecito per posta<br \/>\n3. il sollecito telefonico<br \/>\n4. l\u2019incontro<br \/>\n5. la diffida legale<br \/>\n6. la certificazione di inesigibilit\u00e0[\/vc_column_text][vc_empty_space][\/vc_column][\/vc_row][vc_row][vc_column][vc_empty_space height=&#8221;30px&#8221;][\/vc_column][\/vc_row][vc_row][vc_column offset=&#8221;vc_hidden-xs&#8221;][vc_tta_tabs active_section=&#8221;1&#8243;][vc_tta_section title=&#8221;1. Scelta del Consulente e Avvio Pratica&#8221; tab_id=&#8221;1599643947288-359d642b-d126&#8243;][vc_column_text]<\/p>\n<p style=\"text-align: justify;\">All&#8217;avvio dell\u2019attivit\u00e0 di recupero crediti stragiudiziale <strong>selezioniamo il consulente<\/strong> che seguir\u00e0 tutte le pratiche della vostra azienda. Il suo modo di agire sar\u00e0 <strong>in linea con la vostra immagine<\/strong> aziendale e il vostro stile di comunicazione.<br \/>\nIn questa fase <strong>analizziamo tutta la documentazione<\/strong> relativa al vostro cliente debitore e scegliamo la <strong>strategia giusta<\/strong> per recuperare il credito. Ci occupiamo della <a href=\"https:\/\/www.creditpmi.it\/la-normalizzazione-indirizzo\/\">normalizzazione dell\u2019indirizzo<\/a>, cio\u00e8 verifichiamo che i dati forniti sul cliente siano corretti, per evitare che eventuali comunicazioni non giungano a destinazione.<\/p>\n<p>[\/vc_column_text][\/vc_tta_section][vc_tta_section title=&#8221;2. Sollecito per Posta&#8221; tab_id=&#8221;1598429343403-5663b7c1-49e6&#8243;][vc_column_text]<\/p>\n<p style=\"text-align: justify;\">\u00c8 la prima vera azione del recupero crediti stragiudiziale; si invia una lettera formale, chiamata <strong>prima lettera monitoria<\/strong>. Il consulente, con lo <strong>stile adatto<\/strong> al tipo di credito insoluto e all&#8217;interlocutore, adotta tutte le strategie necessarie per convincerlo a pagare quanto dovuto.<\/p>\n<p>[\/vc_column_text][\/vc_tta_section][vc_tta_section title=&#8221;3. Sollecito Telefonico&#8221; tab_id=&#8221;1598429488499-5270552a-50ca&#8221;][vc_column_text]<\/p>\n<p style=\"text-align: justify;\">Se alla lettera monitoria non segue alcuna risposta, il consulente contatta telefonicamente il <strong>cliente insolvente<\/strong> (azione di phone collection) per convincerlo a saldare il debito. Anche in questo caso vengono messe in atto le <strong>strategie di comunicazione<\/strong> interpersonale che spronano al pagamento <strong>senza minare il rapporto<\/strong> con la vostra azienda.<br \/>\nSe anche telefonicamente non \u00e8 possibile avere un contatto con il cliente debitore, si avvia la procedura di <strong>rintraccio<\/strong>; attraverso i servizi investigativi si recupera il cliente per poterlo contattare direttamente.<\/p>\n<p>[\/vc_column_text][\/vc_tta_section][\/vc_tta_tabs][\/vc_column][\/vc_row][vc_row][vc_column offset=&#8221;vc_hidden-xs&#8221;][vc_empty_space height=&#8221;1px&#8221;][\/vc_column][\/vc_row][vc_row][vc_column offset=&#8221;vc_hidden-xs&#8221;][vc_tta_tabs active_section=&#8221;1&#8243;][vc_tta_section title=&#8221;4. Incontro&#8221; tab_id=&#8221;1598429680956-d8723ecf-b465&#8243;][vc_column_text]<\/p>\n<p style=\"text-align: justify;\">Spesso il cliente salda l&#8217;insoluto dopo essere stato rintracciato e contattato la prima volta. Se cos\u00ec non fosse, si procede con una <strong>seconda lettera monitoria<\/strong>.<br \/>\nQualora anche questa venga ignorata, il consulente di recupero crediti <strong>si reca<\/strong> <strong>fisicamente<\/strong> dal cliente; in questa occasione, lo informa che, se continuer\u00e0 a non pagare la cifra dovuta, si dovr\u00e0 procedere per vie legali. La gestione del colloquio da parte del consulente Ge.Ri. \u00e8 molto <strong>cauta e scrupolosa<\/strong>; c&#8217;\u00e8 sempre l\u2019<strong>obiettivo<\/strong> di non creare attriti che possano allontanare il cliente debitore o minare l\u2019immagine della vostra azienda.<\/p>\n<p>[\/vc_column_text][\/vc_tta_section][vc_tta_section title=&#8221;5. Diffida Legale&#8221; tab_id=&#8221;1598429680992-a1486dc7-da44&#8243;][vc_column_text]<\/p>\n<p style=\"text-align: justify;\">Il passo successivo, ultimo possibile senza intraprendere le vie legali, \u00e8 la <strong>diffida legale<\/strong>. Si tratta di una lettera con cui si offre al cliente debitore l\u2019ultima possibilit\u00e0 per <strong>saldare l\u2019insoluto<\/strong> prima di avviare le pratiche giudiziarie.<br \/>\nSi recapita la lettera tramite PEC o Raccomandata con ricevuta di ritorno, per avere un totale <strong>tracciamento<\/strong> dell\u2019invio e della ricezione.<\/p>\n<p>[\/vc_column_text][\/vc_tta_section][vc_tta_section title=&#8221;6. Certificazione di Inesigibilit\u00e0&#8221; tab_id=&#8221;1598429681019-e4c690c6-d198&#8243;][vc_column_text]<\/p>\n<p style=\"text-align: justify;\">La diffida rappresenta l\u2019ultima fase del recupero crediti stragiudiziale. Se anche questa non conduce al pagamento dell\u2019insoluto, Ge.Ri. si occupa di stendere la <strong>relazione di inesigibilit\u00e0<\/strong>. La relazione \u00e8 un documento utile ai <strong>fini fiscali<\/strong>, che dimostra l\u2019esito negativo della procedura di recupero crediti stragiudiziale; si dichiara cos\u00ec che il credito \u00e8 inesigibile, cio\u00e8 difficilmente recuperabile.<br \/>\nA questo punto Ge.Ri. valuta con voi se proseguire con il <strong><a href=\"https:\/\/www.geri.it\/ita\/recupero-crediti-giudiziale\/\">recupero crediti giudiziale<\/a><\/strong>, cio\u00e8 con un\u2019azione legale.<\/p>\n<p>[\/vc_column_text][\/vc_tta_section][\/vc_tta_tabs][\/vc_column][\/vc_row][vc_row][vc_column offset=&#8221;vc_hidden-lg vc_hidden-md vc_hidden-sm&#8221;][vc_tta_tabs active_section=&#8221;1&#8243;][vc_tta_section title=&#8221;1. Scelta del Consulente e Avvio Pratica&#8221; tab_id=&#8221;1599643936586-0249a281-6eca&#8221;][vc_column_text css=&#8221;.vc_custom_1599644870522{padding-top: 10px !important;padding-right: 10px !important;padding-bottom: 10px !important;padding-left: 10px !important;}&#8221;]<\/p>\n<p style=\"text-align: justify;\">All&#8217;avvio dell\u2019attivit\u00e0 di recupero crediti stragiudiziale selezioniamo il consulente che seguir\u00e0 tutte le pratiche della vostra azienda. Il suo modo di agire sar\u00e0 in linea con la vostra immagine aziendale e il vostro stile di comunicazione.<br \/>\nIn questa fase analizziamo tutta la documentazione relativa al vostro cliente debitore e scegliamo la strategia giusta per recuperare il credito, quindi ci occupiamo della normalizzazione dell\u2019indirizzo, cio\u00e8 verifichiamo che tutti i dati forniti sul cliente siano corretti, per evitare che eventuali lettere di sollecito non giungano a destinazione.<\/p>\n<p>[\/vc_column_text][\/vc_tta_section][vc_tta_section title=&#8221;2. Sollecito per Posta&#8221; tab_id=&#8221;1599644012025-000787bc-a781&#8243;][vc_column_text css=&#8221;.vc_custom_1599644881436{padding-top: 10px !important;padding-right: 10px !important;padding-bottom: 10px !important;padding-left: 10px !important;}&#8221;]<\/p>\n<p style=\"text-align: justify;\">\u00c8 la prima vera azione del recupero crediti stragiudiziale: si invia una lettera formale, chiamata prima lettera moratoria. Il consulente, con lo stile adatto al tipo di credito insoluto e all&#8217;interlocutore, adotta tutte le strategie necessarie per convincerlo a pagare quanto dovuto.<\/p>\n<p>[\/vc_column_text][\/vc_tta_section][vc_tta_section title=&#8221;3. Sollecito Telefonico&#8221; tab_id=&#8221;1599644009246-7fbeef75-bb65&#8243;][vc_column_text css=&#8221;.vc_custom_1599644896105{padding-top: 10px !important;padding-right: 10px !important;padding-bottom: 10px !important;padding-left: 10px !important;}&#8221;]<\/p>\n<p style=\"text-align: justify;\">Se alla prima lettera moratoria non segue alcuna risposta da parte del cliente debitore, il consulente contatta telefonicamente il cliente insolvente (azione di phone collection) per convincerlo a saldare il debito. Anche in questo caso vengono messe in atto le strategie di comunicazione interpersonale che spronano il debitore al pagamento senza minarne il rapporto con la vostra azienda.<br \/>\nSe anche telefonicamente non \u00e8 possibile avere un contatto con il cliente debitore, si avvia la procedura di rintraccio: attraverso i servizi investigativi si recupera il cliente per poterlo contattare direttamente.<\/p>\n<p>[\/vc_column_text][\/vc_tta_section][vc_tta_section title=&#8221;4. Incontro&#8221; tab_id=&#8221;1599644007952-a0e573fe-e4b3&#8243;][vc_column_text css=&#8221;.vc_custom_1599644801001{padding-top: 10px !important;padding-right: 10px !important;padding-bottom: 10px !important;padding-left: 10px !important;}&#8221;]<\/p>\n<p style=\"text-align: justify;\">Spesso il cliente salda l&#8217;insoluto dopo essere stato rintracciato e contattato la prima volta. Se cos\u00ec non fosse, si procede con una seconda lettera moratoria.<br \/>\nQualora anche questa venga ignorata il consulente di recupero crediti si reca fisicamente dal cliente, per informarlo direttamente che, se continuer\u00e0 a non pagare la cifra dovuta, si dovr\u00e0 procedere per vie legali. La gestione del colloquio da parte del consulente Ge.Ri. \u00e8 molto cauta e scrupolosa e ha sempre l\u2019obiettivo di non creare attriti che possano allontanare il cliente debitore o minare l\u2019immagine della vostra azienda.<\/p>\n<p>[\/vc_column_text][\/vc_tta_section][vc_tta_section title=&#8221;5. Diffida Legale&#8221; tab_id=&#8221;1599643936859-3b462d70-2df4&#8243;][vc_column_text css=&#8221;.vc_custom_1599644813875{padding-top: 10px !important;padding-right: 10px !important;padding-bottom: 10px !important;padding-left: 10px !important;}&#8221;]<\/p>\n<p style=\"text-align: justify;\">Il passo successivo, ultimo possibile senza intraprendere le vie legali, \u00e8 la diffida legale: si tratta di una lettera con cui si offre al cliente debitore l\u2019ultima possibilit\u00e0 per procedere al pagamento dell\u2019insoluto prima di avviare le pratiche giudiziarie.<br \/>\nSi recapitata la lettera tramite PEC o Raccomandata con ricevuta di ritorno, per avere un totale tracciamento dell\u2019invio e della ricezione.<\/p>\n<p>[\/vc_column_text][\/vc_tta_section][vc_tta_section title=&#8221;6. Certificazione di Inesigibilit\u00e0&#8221; tab_id=&#8221;1599643936929-0986537c-6d7f&#8221;][vc_column_text css=&#8221;.vc_custom_1599644825887{border-bottom-width: 10px !important;padding-top: 10px !important;padding-right: 10px !important;padding-left: 10px !important;}&#8221;]<\/p>\n<p style=\"text-align: justify;\">La diffida rappresenta l\u2019ultima fase del recupero crediti stragiudiziale. Se anche questa non conduce al pagamento dell\u2019insoluto, Ge.Ri. si occupa di stendere la relazione di inesigibilit\u00e0: un documento utile ai fini fiscali, che dimostra l\u2019esito negativo della procedura di recupero crediti stragiudiziale, nel quale si dichiara che il credito \u00e8 inesigibile, cio\u00e8 difficilmente recuperabile.<br \/>\nA questo punto Ge.Ri. valuta con voi se proseguire con il recupero crediti giudiziale, cio\u00e8 con un\u2019azione legale.<\/p>\n<p>[\/vc_column_text][\/vc_tta_section][\/vc_tta_tabs][\/vc_column][\/vc_row][vc_row][vc_column][vc_empty_space]<div class=\"section-title title-block title-style-2\"><span class=\"top-title\"><\/span><h2 class=\"title\">RECUPERARE I CREDITI VELOCEMENTE<\/h2><\/div>[vc_empty_space][vc_column_text]<\/p>\n<p style=\"text-align: justify;\"><strong>TUTELANDO IL FLUSSO DI CASSA E L\u2019IMMAGINE AZIENDALE<\/strong><\/p>\n<p style=\"text-align: justify;\">Il recupero crediti stragiudiziale \u00e8 un procedimento <strong>delicato e importante<\/strong>, che vi permette di tutelare il <strong>flusso di cassa<\/strong> e pu\u00f2 anche essere un\u2019opportunit\u00e0 di comunicazione, se gestito nel modo corretto.<\/p>\n<p style=\"text-align: justify;\">Ge.Ri. adotta una <strong>strategia che rafforza l\u2019immagine aziendale<\/strong>; svolge l\u2019azione di recupero crediti con fermezza, sempre <strong>nel rispetto del cliente<\/strong> debitore. <strong>L\u2019obiettivo<\/strong> \u00e8 di non creare tensioni e di arrivare al pagamento dell\u2019insoluto nel pi\u00f9 breve tempo possibile, senza dovere ricorrere al tribunale.<\/p>\n<p>[\/vc_column_text][vc_empty_space height=&#8221;50px&#8221;][vc_cta h2=&#8221;La nostra consulenza per recuperare i crediti&#8221; txt_align=&#8221;center&#8221; style=&#8221;custom&#8221; add_button=&#8221;bottom&#8221; btn_title=&#8221;Richiedi una Consulenza&#8221; btn_size=&#8221;lg&#8221; btn_align=&#8221;center&#8221; custom_background=&#8221;#006535&#8243; custom_text=&#8221;#ffffff&#8221; btn_link=&#8221;url:https%3A%2F%2Fwww.geri.it%2Fita%2Fchiedi-informazioni%2F|||&#8221;][\/vc_cta][\/vc_column][\/vc_row][vc_column][\/vc_column]<\/p>\n","protected":false},"excerpt":{"rendered":"<p>[vc_row][vc_column width=&#8221;1\/2&#8243; offset=&#8221;vc_hidden-xs&#8221;][vc_empty_space height=&#8221;50px&#8221;][vc_single_image image=&#8221;11762&#8243; img_size=&#8221;full&#8221;][\/vc_column][vc_column width=&#8221;1\/2&#8243; offset=&#8221;vc_hidden-xs&#8221;][vc_empty_space height=&#8221;50px&#8221;][vc_empty_space][vc_column_text]RECUPERO CREDITI STRAGIUDIZIALE SECONDO GE.RI. Il recupero crediti stragiudiziale \u00e8 la prima azione che si intraprende per ottenere il pagamento di un servizio\/prodotto che un cliente non ha pagato. Ge.Ri. se ne occupa da oltre 20 anni per piccole e grandi imprese, scegliendo il consulente giusto per&hellip;<\/p>\n","protected":false},"author":1,"featured_media":0,"parent":0,"menu_order":0,"comment_status":"closed","ping_status":"closed","template":"template-full-width.php","meta":{"_monsterinsights_skip_tracking":false,"_monsterinsights_sitenote_active":false,"_monsterinsights_sitenote_note":"","_monsterinsights_sitenote_category":0,"footnotes":""},"yoast_head":"<!-- This site is optimized with the Yoast SEO plugin v14.9 - https:\/\/yoast.com\/wordpress\/plugins\/seo\/ -->\n<title>Recupero Crediti Stragiudiziale - GE.RI - Milano - www.geri.it<\/title>\n<meta name=\"description\" content=\"Il recupero crediti stragiudiziale \u00e8 la prima azione che si intraprende per ottenere il pagamento di un servizio o prodotto che un cliente...\" \/>\n<meta name=\"robots\" content=\"index, follow, max-snippet:-1, max-image-preview:large, max-video-preview:-1\" \/>\n<link rel=\"canonical\" href=\"https:\/\/www.geri.it\/ita\/recupero-crediti-stragiudiziale\/\" \/>\n<meta property=\"og:locale\" content=\"it_IT\" \/>\n<meta property=\"og:type\" content=\"article\" \/>\n<meta property=\"og:title\" content=\"Recupero Crediti Stragiudiziale - GE.RI - Milano - www.geri.it\" \/>\n<meta property=\"og:description\" content=\"Il recupero crediti stragiudiziale \u00e8 la prima azione che si intraprende per ottenere il pagamento di un servizio o prodotto che un cliente...\" \/>\n<meta property=\"og:url\" content=\"https:\/\/www.geri.it\/ita\/recupero-crediti-stragiudiziale\/\" \/>\n<meta property=\"og:site_name\" content=\"GERI.IT\" \/>\n<meta property=\"article:modified_time\" content=\"2021-04-28T10:32:47+00:00\" \/>\n<meta name=\"twitter:card\" content=\"summary_large_image\" \/>\n<script type=\"application\/ld+json\" class=\"yoast-schema-graph\">{\"@context\":\"https:\/\/schema.org\",\"@graph\":[{\"@type\":\"WebSite\",\"@id\":\"https:\/\/www.geri.it\/ita\/#website\",\"url\":\"https:\/\/www.geri.it\/ita\/\",\"name\":\"GERI.IT\",\"description\":\"Diamo credito al tuo Business\",\"potentialAction\":[{\"@type\":\"SearchAction\",\"target\":\"https:\/\/www.geri.it\/ita\/?s={search_term_string}\",\"query-input\":\"required name=search_term_string\"}],\"inLanguage\":\"it-IT\"},{\"@type\":\"WebPage\",\"@id\":\"https:\/\/www.geri.it\/ita\/recupero-crediti-stragiudiziale\/#webpage\",\"url\":\"https:\/\/www.geri.it\/ita\/recupero-crediti-stragiudiziale\/\",\"name\":\"Recupero Crediti Stragiudiziale - GE.RI - Milano - www.geri.it\",\"isPartOf\":{\"@id\":\"https:\/\/www.geri.it\/ita\/#website\"},\"datePublished\":\"2020-07-29T15:38:34+00:00\",\"dateModified\":\"2021-04-28T10:32:47+00:00\",\"description\":\"Il recupero crediti stragiudiziale \\u00e8 la prima azione che si intraprende per ottenere il pagamento di un servizio o prodotto che un cliente...\",\"inLanguage\":\"it-IT\",\"potentialAction\":[{\"@type\":\"ReadAction\",\"target\":[\"https:\/\/www.geri.it\/ita\/recupero-crediti-stragiudiziale\/\"]}]}]}<\/script>\n<!-- \/ Yoast SEO plugin. -->","_links":{"self":[{"href":"https:\/\/www.geri.it\/ita\/wp-json\/wp\/v2\/pages\/10410"}],"collection":[{"href":"https:\/\/www.geri.it\/ita\/wp-json\/wp\/v2\/pages"}],"about":[{"href":"https:\/\/www.geri.it\/ita\/wp-json\/wp\/v2\/types\/page"}],"author":[{"embeddable":true,"href":"https:\/\/www.geri.it\/ita\/wp-json\/wp\/v2\/users\/1"}],"replies":[{"embeddable":true,"href":"https:\/\/www.geri.it\/ita\/wp-json\/wp\/v2\/comments?post=10410"}],"version-history":[{"count":50,"href":"https:\/\/www.geri.it\/ita\/wp-json\/wp\/v2\/pages\/10410\/revisions"}],"predecessor-version":[{"id":11973,"href":"https:\/\/www.geri.it\/ita\/wp-json\/wp\/v2\/pages\/10410\/revisions\/11973"}],"wp:attachment":[{"href":"https:\/\/www.geri.it\/ita\/wp-json\/wp\/v2\/media?parent=10410"}],"curies":[{"name":"wp","href":"https:\/\/api.w.org\/{rel}","templated":true}]}}