{"id":11252,"date":"2020-11-16T15:20:28","date_gmt":"2020-11-16T14:20:28","guid":{"rendered":"https:\/\/www.geri.it\/ita\/?page_id=11252"},"modified":"2021-02-01T12:31:54","modified_gmt":"2021-02-01T11:31:54","slug":"informativa-geri-newsletter","status":"publish","type":"page","link":"https:\/\/www.geri.it\/ita\/informativa-geri-newsletter\/","title":{"rendered":"Informativa Geri Newsletter"},"content":{"rendered":"<p>[vc_row][vc_column][\/vc_column][\/vc_row][vc_row][vc_column][vc_column_text]<strong>Informativa sul trattamento dei dati personali ai sensi del Regolamento UE 2016\/679<\/strong><br \/>\n<strong>Soggetti interessati: Visitatori del sito<\/strong><br \/>\nGe.Ri. Gestione Rischi S.r.l. con Socio Unico, con sede legale in Milano (MI), Via Lago di Nemi, 25, iscritta al Registro delle Imprese di Milano REA 1436825, Cod. Fisc. e P.IVA 11103820152, facente parte del Gruppo Geri HDP S.r.l., ai sensi e per gli effetti del Regolamento UE 2016\/679 (di seguito GDPR) con la presente informa che ai sensi degli artt. 12 e ss GDPR i Suoi dati saranno trattati per le seguenti finalit\u00e0 e con le modalit\u00e0 di seguito descritte.<\/p>\n<h4><span style=\"font-size: 12pt;\"><strong>Titolare del trattamento dei dati<\/strong><\/span><\/h4>\n<p>Ge.Ri. Gestione Rischi S.r.l. con Socio Unico, con sede legale in Milano (MI), Via Lago di Nemi, 25, iscritta al Registro delle Imprese di Milano REA 1436825, Cod. Fisc. e P.IVA 11103820152, tel: 02.818781 e-mail: tutela@geri.it.<\/p>\n<p><strong>Definizione di Dati Personali e finalit\u00e0 del trattamento<\/strong><br \/>\nAi sensi dell\u2019art. 4 n.1 del GDPR per \u201cdato personale\u201d si intende \u201cqualsiasi informazione riguardante una persona fisica identificata o identificabile (interessato). Si considera identificabile la persona fisica che pu\u00f2 essere identificata, direttamente o indirettamente, con particolare riferimento ad un identificativo come il nome, un numero di identificazione, dati relativi all\u2019ubicazione, un identificativo on line o a uno o pi\u00f9 elementi caratteristici della sua identit\u00e0 fisica, fisiologica, genetica, psichica, economica, culturale o sociale\u201d.<\/p>\n<p><strong>Ge.Ri. Gestione Rischi S.r.l.u. tratta i Suoi dati personali per le seguenti finalit\u00e0:<\/strong><br \/>\n<strong>1)<\/strong> Newsletter su temi relativi alle attivit\u00e0 svolte dalle Societ\u00e0 del Gruppo Geri HDP S.r.l.<br \/>\n<strong>2)<\/strong> Marketing relativo ad offerte e proposte commerciali delle Societ\u00e0 del Gruppo Geri HDP S.r.l.<br \/>\nQualora Ge.Ri. Gestione Rischi S.r.l.u. intendesse utilizzare i dati conferiti per finalit\u00e0 diverse da quelle indicate, provveder\u00e0 a darne idonea comunicazione.<br \/>\nIl consenso al trattamento dei dati personali con riferimento alla finalit\u00e0 di cui:<br \/>\n\u2022 <strong>Al punto 1) \u00e8 obbligatorio<\/strong><br \/>\nIl mancato consenso al trattamento dei dati renderebbe impossibile la gestione del servizio richiesto<br \/>\n\u2022 <strong>Al punto 2) \u00e8 facoltativo<\/strong><\/p>\n<h4><span style=\"font-size: 12pt;\"><strong>Modalit\u00e0 di trattamento dei dati<\/strong><\/span><\/h4>\n<p>Il trattamento dei dati personali avverr\u00e0 conformemente ai principi di cui all\u2019art. 5 del GDPR: liceit\u00e0, correttezza, trasparenza, limitazione delle finalit\u00e0, minimizzazione dei dati, esattezza, limitazione della conservazione, integrit\u00e0 e riservatezza.<\/p>\n<p>I Suoi dati personali potranno essere trattati sia con l\u2019ausilio di strumenti automatizzati o elettronici che manualmente, a mezzo di archivi cartacei. Ogni trattamento avverr\u00e0 nel rispetto dei citati principi di cui all\u2019art. 5 del GDPR.<br \/>\nI dati saranno trattati esclusivamente da personale a tale scopo espressamente autorizzato dal Titolare o dal Responsabile del trattamento ai sensi dell\u2019art. 28 del GDPR. L\u2019elenco aggiornato dei soggetti autorizzati al trattamento \u00e8 disponibile presso la sede aziendale e pu\u00f2 essere richiesto all\u2019indirizzo: tutela@geri.it.<\/p>\n<h4><span style=\"font-size: 12pt;\"><strong>Conservazione e comunicazione dei dati<\/strong><\/span><\/h4>\n<p>I Suoi dati personali saranno conservati presso la sede di<br \/>\nGe.Ri. Gestione Rischi S.r.l.u. per il periodo necessario all\u2019adempimento delle obbligazioni per il servizio richiesto ed anche successivamente alla cessazione del rapporto, per il periodo necessario all\u2019assolvimento di tutti gli adempimenti di legge.<\/p>\n<p>I Suoi dati potranno essere comunicati a soggetti terzi, nella loro qualit\u00e0 di responsabili esterni del trattamento ai sensi dell\u2019art. 28 GDPR, solo qualora vi siano degli obblighi di legge o sia necessario per la realizzazione del servizio richiesto.<br \/>\nI Suoi dati personali non saranno oggetto di trasferimento a paesi terzi o ad organizzazioni internazionali.<\/p>\n<h4><span style=\"font-size: 12pt;\"><strong>Diritti dell\u2019interessato<\/strong><\/span><\/h4>\n<p>In qualit\u00e0 di interessato, ha facolt\u00e0 di esercitare i diritti di cui agli artt. 15 e ss. del GDPR e precisamente i diritti di:<\/p>\n<p>-ottenere la conferma del trattamento dei Suoi dati personali e in tal caso ottenere accesso a tali dati personali ed alle seguenti informazioni: finalit\u00e0 del trattamento; categorie di dati personali; destinatari cui sono stati o saranno comunicati; periodo di conservazione o criteri utilizzati per determinarlo; informazioni sulla loro origine; esistenza di un processo decisionale automatizzato;<br \/>\n&#8211; revocare l\u2019eventuale consenso prestato ai sensi dell\u2019art. 7 n. 3) GDPR;<br \/>\n&#8211; proporre reclamo ad un\u2019Autorit\u00e0 di controllo ai sensi dell\u2019art. 14 lett. e) e 77 GDPR;<br \/>\n&#8211; ottenere la rettificazione dei dati personali inesatti che La riguardano ai sensi dell\u2019art. 16 GDPR; la cancellazione dei dati ai sensi dell\u2019art. 17 GDPR; la limitazione del trattamento ai sensi dell\u2019art. 18 GDPR; la portabilit\u00e0 dei dati ai sensi dell\u2019art. 20 GDPR;<br \/>\n&#8211; opporsi, in tutto o in parte ai sensi dell\u2019art. 21 GDPR per motivi legittimi al trattamento dei dati personali che La riguardano, ancorch\u00e9 pertinenti allo scopo della raccolta; al trattamento di dati personali che La riguardano a fini di invio di materiale pubblicitario o di vendita o per il compimento di ricerche di mercato o di comunicazione commerciale.<\/p>\n<p>Potrete in qualsiasi momento esercitare i sopra indicati diritti inviando una comunicazione a mezzo e-mail al seguente indirizzo: tutela@geri.it, dpo@gerihdp.it[\/vc_column_text][vc_empty_space][\/vc_column][\/vc_row]<\/p>\n","protected":false},"excerpt":{"rendered":"<p>[vc_row][vc_column][\/vc_column][\/vc_row][vc_row][vc_column][vc_column_text]Informativa sul trattamento dei dati personali ai sensi del Regolamento UE 2016\/679 Soggetti interessati: Visitatori del sito Ge.Ri. Gestione Rischi S.r.l. con Socio Unico, con sede legale in Milano (MI), Via Lago di Nemi, 25, iscritta al Registro delle Imprese di Milano REA 1436825, Cod. Fisc. e P.IVA 11103820152, facente parte del Gruppo Geri HDP&hellip;<\/p>\n","protected":false},"author":1,"featured_media":0,"parent":0,"menu_order":0,"comment_status":"closed","ping_status":"closed","template":"","meta":{"_monsterinsights_skip_tracking":false,"_monsterinsights_sitenote_active":false,"_monsterinsights_sitenote_note":"","_monsterinsights_sitenote_category":0,"footnotes":""},"yoast_head":"<!-- This site is optimized with the Yoast SEO plugin v14.9 - https:\/\/yoast.com\/wordpress\/plugins\/seo\/ -->\n<title>Informativa Geri Newsletter - GERI.IT - Recupero Crediti<\/title>\n<meta name=\"description\" content=\"Informativa geri newsletter sul trattamento dei dati personali ai sensi del Regolamento UE 2016\/679Soggetti interessati: Visitatori del sito.\" \/>\n<meta name=\"robots\" content=\"index, follow, max-snippet:-1, max-image-preview:large, max-video-preview:-1\" \/>\n<link rel=\"canonical\" href=\"https:\/\/www.geri.it\/ita\/informativa-geri-newsletter\/\" \/>\n<meta property=\"og:locale\" content=\"it_IT\" \/>\n<meta property=\"og:type\" content=\"article\" \/>\n<meta property=\"og:title\" content=\"Informativa Geri Newsletter - GERI.IT - Recupero Crediti\" \/>\n<meta property=\"og:description\" content=\"Informativa geri newsletter sul trattamento dei dati personali ai sensi del Regolamento UE 2016\/679Soggetti interessati: Visitatori del sito.\" \/>\n<meta property=\"og:url\" content=\"https:\/\/www.geri.it\/ita\/informativa-geri-newsletter\/\" \/>\n<meta property=\"og:site_name\" content=\"GERI.IT\" \/>\n<meta property=\"article:modified_time\" content=\"2021-02-01T11:31:54+00:00\" \/>\n<meta name=\"twitter:card\" content=\"summary_large_image\" \/>\n<script type=\"application\/ld+json\" class=\"yoast-schema-graph\">{\"@context\":\"https:\/\/schema.org\",\"@graph\":[{\"@type\":\"WebSite\",\"@id\":\"https:\/\/www.geri.it\/ita\/#website\",\"url\":\"https:\/\/www.geri.it\/ita\/\",\"name\":\"GERI.IT\",\"description\":\"Diamo credito al tuo Business\",\"potentialAction\":[{\"@type\":\"SearchAction\",\"target\":\"https:\/\/www.geri.it\/ita\/?s={search_term_string}\",\"query-input\":\"required name=search_term_string\"}],\"inLanguage\":\"it-IT\"},{\"@type\":\"WebPage\",\"@id\":\"https:\/\/www.geri.it\/ita\/informativa-geri-newsletter\/#webpage\",\"url\":\"https:\/\/www.geri.it\/ita\/informativa-geri-newsletter\/\",\"name\":\"Informativa Geri Newsletter - GERI.IT - Recupero Crediti\",\"isPartOf\":{\"@id\":\"https:\/\/www.geri.it\/ita\/#website\"},\"datePublished\":\"2020-11-16T14:20:28+00:00\",\"dateModified\":\"2021-02-01T11:31:54+00:00\",\"description\":\"Informativa geri newsletter sul trattamento dei dati personali ai sensi del Regolamento UE 2016\/679Soggetti interessati: Visitatori del sito.\",\"inLanguage\":\"it-IT\",\"potentialAction\":[{\"@type\":\"ReadAction\",\"target\":[\"https:\/\/www.geri.it\/ita\/informativa-geri-newsletter\/\"]}]}]}<\/script>\n<!-- \/ Yoast SEO plugin. -->","_links":{"self":[{"href":"https:\/\/www.geri.it\/ita\/wp-json\/wp\/v2\/pages\/11252"}],"collection":[{"href":"https:\/\/www.geri.it\/ita\/wp-json\/wp\/v2\/pages"}],"about":[{"href":"https:\/\/www.geri.it\/ita\/wp-json\/wp\/v2\/types\/page"}],"author":[{"embeddable":true,"href":"https:\/\/www.geri.it\/ita\/wp-json\/wp\/v2\/users\/1"}],"replies":[{"embeddable":true,"href":"https:\/\/www.geri.it\/ita\/wp-json\/wp\/v2\/comments?post=11252"}],"version-history":[{"count":4,"href":"https:\/\/www.geri.it\/ita\/wp-json\/wp\/v2\/pages\/11252\/revisions"}],"predecessor-version":[{"id":11501,"href":"https:\/\/www.geri.it\/ita\/wp-json\/wp\/v2\/pages\/11252\/revisions\/11501"}],"wp:attachment":[{"href":"https:\/\/www.geri.it\/ita\/wp-json\/wp\/v2\/media?parent=11252"}],"curies":[{"name":"wp","href":"https:\/\/api.w.org\/{rel}","templated":true}]}}