{"id":3,"date":"2020-06-12T13:02:33","date_gmt":"2020-06-12T11:02:33","guid":{"rendered":"https:\/\/www.geri.it\/ita\/?page_id=3"},"modified":"2025-01-08T11:44:48","modified_gmt":"2025-01-08T10:44:48","slug":"privacy-policy","status":"publish","type":"page","link":"https:\/\/www.geri.it\/ita\/privacy-policy\/","title":{"rendered":"Privacy Policy"},"content":{"rendered":"<p>[vc_row][vc_column][vc_column_text]<\/p>\n<h2><strong>Privacy Policy per i visitatori del sito<\/strong><\/h2>\n<p>La presente informativa \u00e8 resa in conformit\u00e0 al Regolamento UE n. 2016\/679 (di seguito, \u201cGDPR\u201d), da Ge.Ri.<br \/>\nGestione Rischi S.r.l.u., titolare del sito web www.geri.it, in riferimento al trattamento dei dati personali di coloro che si collegano al sito e usufruiscono dei relativi servizi. L\u2019informativa \u00e8 resa soltanto per il sito sopra menzionato e non anche per altri siti web eventualmente consultati dall\u2019utente tramite link.<\/p>\n<p>Si premette che la gestione dei dati personali avverr\u00e0 conformemente ai principi di cui all\u2019art.5 del GDPR:<br \/>\nliceit\u00e0, correttezza, trasparenza, limitazione delle finalit\u00e0, minimizzazione dei dati, esattezza, limitazione della conservazione, integrit\u00e0 e riservatezza.<\/p>\n<h4><span style=\"font-size: 12pt;\"><strong>TIPOLOGIA DI DATI TRATTATI E FINALIT\u00c0 DEL TRATTAMENTO<\/strong><\/span><\/h4>\n<p><strong>1) Titolare del trattamento<\/strong><br \/>\nIl titolare del trattamento \u00e8 Ge.Ri. Gestione Rischi S.r.l.u., con sede in Milano, Via Lago di Nemi 25, tel. 02.818781, e-mail tutela@geri.it.<br \/>\n<strong>2) Dati di navigazione<\/strong><br \/>\nI sistemi informatici preposti all\u2019operativit\u00e0 di questo sito acquisiscono, nel normale esercizio, alcuni dati personali che vengono poi trasmessi nell\u2019uso dei protocolli di comunicazione internet. Si tratta di informazioni che non sono raccolte per essere associate a interessati identificati, ma che per loro stessa<br \/>\nnatura potrebbero, attraverso elaborazioni e associazioni con dati detenuti da terzi, permettere di identificare gli utenti. In questa categoria di dati rientrano gli indirizzi IP o i nomi a dominio dei computer utilizzati dagli utenti che si connettono al sito, gli indirizzi in notazione URI (Uniform Resource Identifier) delle risorse richieste, l\u2019orario della richiesta, il metodo utilizzato nel sottoporre la richiesta al server, la dimensione del file ottenuto in risposta, il codice numerico indicante lo stato della risposta data dal server ed altri<br \/>\nparametri relativi al sistema operativo e all\u2019ambiente informatico dell\u2019utente. Questi dati vengono utilizzati al solo fine di ottenere informazioni statistiche anonime sull\u2019uso del sito e per controllarne il corretto funzionamento e vengono cancellati immediatamente dopo l\u2019elaborazione.<br \/>\n<strong>3) Dati forniti volontariamente dagli utenti\/visitatori<\/strong><br \/>\nNel caso in cui gli utenti\/visitatori, collegandosi a questo sito, dovessero inviare propri dati personali per accedere a determinati servizi o per effettuare richieste, ci\u00f2 comporter\u00e0 l\u2019acquisizione da parte di Ge.Ri.<br \/>\nGestione Rischi S.r.l.u. dell\u2019indirizzo di posta elettronica del mittente e\/o di altri eventuali dati personali che verranno trattati esclusivamente per rispondere alla richiesta o per la fornitura del servizio.<br \/>\n<strong>4) Modalit\u00e0 del trattamento<\/strong><br \/>\nI dati personali degli utenti sono trattati con strumenti automatizzati per il tempo strettamente necessario per il conseguimento degli scopi per cui sono stati raccolti. Ge.Ri. Gestione Rischi S.r.l.u. osserva specifiche misure di sicurezza per prevenire la perdita dei dati, usi illeciti o non corretti ed accessi non autorizzati. Il mancato conferimento dei dati personali potr\u00e0 comportare unicamente l\u2019impossibilit\u00e0 di ottenere il servizio richiesto.<br \/>\n<strong>5) Luogo di trattamento dei dati<\/strong><br \/>\nIl trattamento dei dati personali degli utenti del sito web www.geri.it ha luogo presso la sede di Ge.Ri.<br \/>\nGestione Rischi S.r.l.u., in Milano, Via Lago di Nemi 25 ed \u00e8 curato dal personale incaricato al trattamento.<br \/>\nNessun dato derivante dal servizio web viene comunicato o diffuso a terzi. I dati personali forniti dagli utenti che inoltrano richieste di informazioni o di invio di materiale informativo sono utilizzati al solo fine di eseguire il servizio o la prestazione richiesta.<br \/>\n<strong>6) Conservazione dei dati personali<\/strong><br \/>\nI dati personali trattati per le finalit\u00e0 di cui alla presente informativa saranno conservati per il tempo strettamente necessario al raggiungimento delle suddette. In ogni caso, trattandosi di trattamenti svolti per la fornitura di servizi, il Titolare conserver\u00e0 i dati personali per il periodo di tempo previsto e ammesso dalla normativa italiana a tutela dei propri interessi.<br \/>\n<strong>7) Diritti degli interessati<\/strong><br \/>\nAi sensi dell\u2019art. 15 e successivi del GDPR l\u2019interessato tramite l\u2019indirizzo di posta elettronica dpo@gerihdp.it\u00a0 potr\u00e0 esercitare i diritti riguardanti i propri dati personali e in particolare ottenere dal titolare del trattamento l\u2019accesso ai propri dati personali, la rettifica, la cancellazione degli stessi o la limitazione del trattamento e in qualunque momento potr\u00e0 conoscere le informazioni che lo riguardano, verificare se sono esatte, integrarle, aggiornarle, rettificarle, opporsi al loro trattamento e proporre reclamo all\u2019Autorit\u00e0 di controllo ai sensi<br \/>\ndell\u2019art. 77 del GDPR.[\/vc_column_text][vc_column_text el_id=&#8221;cookies&#8221; css=&#8221;.vc_custom_1655371393862{padding-top: 100px !important;}&#8221;]<\/p>\n<h3><strong><span style=\"font-size: 12pt;\">Cookies<\/span><\/strong><\/h3>\n<p>I cookies sono piccoli file di testo inviati all&#8217;utente dal sito web visitato. Vengono memorizzati sull\u2019hard disk del computer, consentendo in questo modo al sito web di riconoscere gli utenti e memorizzare determinate<br \/>\ninformazioni su di loro, al fine di permettere o migliorare il servizio offerto. Esistono diverse tipologie di cookies. Alcuni sono necessari per poter navigare sul Sito, altri hanno scopi diversi come garantire la sicurezza interna, amministrare il sistema, effettuare analisi statistiche, comprendere quali sono le sezioni del Sito che interessano maggiormente gli utenti o offrire una visita personalizzata del Sito.<br \/>\nQuanto precede si riferisce sia al computer dell\u2019utente sia ad ogni altro dispositivo che l&#8217;utente pu\u00f2 utilizzare per connettersi al Sito.<\/p>\n<p><strong>Cookies tecnici<\/strong><br \/>\nPossono essere suddivisi in cookies di navigazione o di sessione, che garantiscono la normale navigazione e fruizione del sito web, cookies analytics, assimilati ai cookies tecnici laddove utilizzati direttamente dal<br \/>\ngestore del sito per raccogliere informazioni, in forma aggregata, sul numero degli utenti e su come questi visitano il sito stesso, cookies di funzionalit\u00e0, che permettono all&#8217;utente la navigazione in funzione di una serie di criteri selezionati al fine di migliorare il servizio reso allo stesso. La disabilitazione dei cookies potrebbe limitare la possibilit\u00e0 di usare il Sito e impedire di beneficiare in pieno delle funzionalit\u00e0 e dei servizi presenti sul Sito. Per decidere quali accettare e quali rifiutare, \u00e8 illustrata di seguito una descrizione dei cookies utilizzati sul Sito.<\/p>\n<p>cookie_audit category=&#8221;necessary&#8221; style=&#8221;winter&#8221; columns=&#8221;cookie,duration,description&#8221;]<\/p>\n<table class=\"cookielawinfo-row-cat-table cookielawinfo-winter\"><thead><tr><th class=\"cookielawinfo-column-1\">Cookie<\/th><th class=\"cookielawinfo-column-3\">Durata<\/th><th class=\"cookielawinfo-column-4\">Descrizione<\/th><\/tr><\/thead><tbody><tr class=\"cookielawinfo-row\"><td class=\"cookielawinfo-column-1\">_ga<\/td><td class=\"cookielawinfo-column-3\">2 years<\/td><td class=\"cookielawinfo-column-4\">Il cookie _ga, installato da Google Analytics, calcola i dati di visitatori, sessioni e campagne e tiene anche traccia dell'utilizzo del sito per il report di analisi del sito. Il cookie memorizza le informazioni in modo anonimo e assegna un numero generato casualmente per riconoscere i visitatori unici.<\/td><\/tr><tr class=\"cookielawinfo-row\"><td class=\"cookielawinfo-column-1\">_gat<\/td><td class=\"cookielawinfo-column-3\">1 minute<\/td><td class=\"cookielawinfo-column-4\">Questo cookie \u00e8 utilizzato per riconoscere e distinguere le richieste fatte dai bot.<\/td><\/tr><tr class=\"cookielawinfo-row\"><td class=\"cookielawinfo-column-1\">_gat_gtag_UA_*<\/td><td class=\"cookielawinfo-column-3\">1 minute<\/td><td class=\"cookielawinfo-column-4\">Questo cookie \u00e8 impostato da Google e viene utilizzato per distinguere gli utenti.<\/td><\/tr><tr class=\"cookielawinfo-row\"><td class=\"cookielawinfo-column-1\">_gid<\/td><td class=\"cookielawinfo-column-3\">1 day<\/td><td class=\"cookielawinfo-column-4\">Installato da Google Analytics, il cookie _gid memorizza informazioni su come i visitatori utilizzano un sito web, creando anche un report analitico delle prestazioni del sito web. Alcuni dei dati raccolti includono il numero di visitatori, la loro fonte e le pagine che visitano in modo anonimo.<\/td><\/tr><\/tbody><\/table>\n<p><strong>Marketing<\/strong><\/p>\n<p>I cookie pubblicitari vengono utilizzati per fornire ai visitatori annunci e campagne di marketing pertinenti. Questi cookie tracciano i visitatori attraverso i siti Web e raccolgono informazioni per fornire annunci personalizzati.<br \/>\n<table class=\"cookielawinfo-row-cat-table cookielawinfo-winter\"><thead><tr><th class=\"cookielawinfo-column-1\">Cookie<\/th><th class=\"cookielawinfo-column-3\">Durata<\/th><th class=\"cookielawinfo-column-4\">Descrizione<\/th><\/tr><\/thead><tbody><tr class=\"cookielawinfo-row\"><td class=\"cookielawinfo-column-1\">VISITOR_INFO1_LIVE<\/td><td class=\"cookielawinfo-column-3\">5 months 27 days<\/td><td class=\"cookielawinfo-column-4\">Un cookie impostato da YouTube per misurare la larghezza di banda che determina se l'utente ottiene la nuova o la vecchia interfaccia del lettore.<\/td><\/tr><tr class=\"cookielawinfo-row\"><td class=\"cookielawinfo-column-1\">YSC<\/td><td class=\"cookielawinfo-column-3\">Session<\/td><td class=\"cookielawinfo-column-4\">Il cookie YSC \u00e8 impostato da Youtube e viene utilizzato per tracciare le visualizzazioni dei video incorporati sulle pagine di Youtube.<\/td><\/tr><\/tbody><\/table><\/p>\n<p><strong>Tipologie di cookies utilizzati<\/strong><br \/>\nCookies di sessione: I c.d. \u2018cookies di sessione\u2019 sono memorizzati temporaneamente e vengono cancellati quando l\u2019utente chiude il browser. Se l\u2019utente si registra al Sito, pu\u00f2 utilizzare cookies che raccolgono dati personali al fine di identificare l\u2019utente in occasione di visite successive e di facilitare l&#8217;accesso &#8211; login al Sito\u00a0 (per esempio conservando username e password dell\u2019utente) e la navigazione sullo stesso. Inoltre il Gestore utilizza i cookies per finalit\u00e0 di amministrazione del sistema. Il Sito potrebbe contenere link ad altri siti.<\/p>\n<p>Il Gestore non ha alcun accesso o controllo su cookies, web bacon e altre tecnologie di tracciamento usate sui siti di terzi cui l\u2019utente pu\u00f2 accedere dal Sito, sulla disponibilit\u00e0, su qualsiasi contenuto e materiale che \u00e8 pubblicato o ottenuto attraverso tali siti e sulle relative modalit\u00e0 di trattamento dei dati personali; il Gestore a questo proposito declina espressamente ogni relativa responsabilit\u00e0. L\u2019utente dovrebbe verificare la privacy policy dei siti di terzi cui accede dal Sito per conoscere le condizioni applicabili al trattamento dei dati<br \/>\npersonali poich\u00e9 la Privacy Policy del Gestore si applica solo al Sito come sopra definito.<br \/>\n<strong>Cookies persistenti:<\/strong> I cookies persistenti sono memorizzati sul dispositivo degli utenti tra le sessioni del browser, consentendo di ricordare le preferenze o le azioni dell&#8217;utente in un sito. Possono essere utilizzati per diversi scopi, ad esempio per ricordare le preferenze e le scelte quando si utilizza il Sito.<br \/>\n<strong>Cookies essenziali:<\/strong> Questi cookies sono strettamente necessari per il funzionamento del Sito. Senza l&#8217;uso di tali cookies alcune parti del Sito non funzionerebbero. Comprendono, ad esempio, i cookies che consentono<br \/>\ndi accedere in aree protette del Sito. Questi cookies non raccolgono informazioni per scopi di marketing e non possono essere disattivati.<br \/>\nCookies funzionali: Questi cookies servono a riconoscere un utente che torna a visitare il Sito. Permettono di personalizzare i contenuti e ricordate le preferenze (ad esempio, la lingua selezionata o la regione). Questi<br \/>\ncookies non raccolgono informazioni che possono identificare l&#8217;utente. Tutte le informazioni raccolte sono anonime.<br \/>\n<strong>Cookies di condivisione sui Social Network:<\/strong> Questi cookies facilitano la condivisione dei contenuti del sito attraverso social network quali ad esempio Facebook e Linkedin. Per prendere visione delle rispettive privacy e cookies policies \u00e8 possibile visitare i siti web dei social networks.<br \/>\nNel caso di Facebook e Linkedin, l&#8217;utente pu\u00f2 visitare https:\/\/www.facebook.com\/help\/cookies e https:\/\/www.linkedin.com\/legal\/privacy-policy?_l=it_IT<\/p>\n<p><strong>Come modificare le impostazioni sui cookies<\/strong><br \/>\nLa maggior parte dei browser accetta automaticamente i cookies, ma l\u2019utente normalmente pu\u00f2 modificare le impostazioni per disabilitare tale funzione. E&#8217; possibile bloccare tutte le tipologie di cookies, oppure accettare di riceverne soltanto alcuni e disabilitarne altri. La sezione &#8220;Opzioni&#8221; o &#8220;Preferenze&#8221; nel menu del browser permettono di evitare di ricevere cookies e altre tecnologie di tracciamento utente, e come ottenere notifica dal browser dell\u2019attivazione di queste tecnologie. In alternativa, \u00e8 anche possibile consultare la sezione \u201cAiuto\u201d della barra degli strumenti presente nella maggior parte dei browser. Si ricorda che la disabilitazione dei cookie di navigazione o di quelli funzionali pu\u00f2 causare il malfunzionamento del Sito e\/o limitare il servizio offerto.[\/vc_column_text][vc_separator color=&#8221;white&#8221; border_width=&#8221;3&#8243;][vc_separator color=&#8221;white&#8221; border_width=&#8221;3&#8243;][vc_separator color=&#8221;white&#8221; border_width=&#8221;3&#8243;][vc_separator color=&#8221;white&#8221; border_width=&#8221;3&#8243;][vc_separator color=&#8221;white&#8221; border_width=&#8221;3&#8243;][vc_separator color=&#8221;white&#8221; border_width=&#8221;3&#8243;][vc_separator color=&#8221;white&#8221; border_width=&#8221;3&#8243;][vc_separator color=&#8221;white&#8221; border_width=&#8221;3&#8243;][vc_separator color=&#8221;white&#8221; border_width=&#8221;3&#8243;][vc_separator color=&#8221;white&#8221; border_width=&#8221;3&#8243;][vc_separator color=&#8221;white&#8221; border_width=&#8221;3&#8243;][\/vc_column][\/vc_row][vc_row][vc_column][vc_btn title=&#8221;GERI &#8211; Informativa privacy cessioni credito&#8221; link=&#8221;url:https%3A%2F%2Fwww.geri.it%2Fita%2Fwp-content%2Fuploads%2F2025%2F01%2FGERI-Informativa-privacy-cessioni-credito-1.pdf|||&#8221;][\/vc_column][\/vc_row]<\/p>\n","protected":false},"excerpt":{"rendered":"<p>[vc_row][vc_column][vc_column_text] Privacy Policy per i visitatori del sito La presente informativa \u00e8 resa in conformit\u00e0 al Regolamento UE n. 2016\/679 (di seguito, \u201cGDPR\u201d), da Ge.Ri. Gestione Rischi S.r.l.u., titolare del sito web www.geri.it, in riferimento al trattamento dei dati personali di coloro che si collegano al sito e usufruiscono dei relativi servizi. L\u2019informativa \u00e8 resa&hellip;<\/p>\n","protected":false},"author":1,"featured_media":0,"parent":0,"menu_order":0,"comment_status":"closed","ping_status":"open","template":"","meta":{"_monsterinsights_skip_tracking":false,"_monsterinsights_sitenote_active":false,"_monsterinsights_sitenote_note":"","_monsterinsights_sitenote_category":0,"footnotes":""},"yoast_head":"<!-- This site is optimized with the Yoast SEO plugin v14.9 - https:\/\/yoast.com\/wordpress\/plugins\/seo\/ -->\n<title>Privacy Policy - GERI.IT - Recupero crediti - Milano<\/title>\n<meta name=\"description\" content=\"Privacy policy dei GERI - La presente informativa \u00e8 resa in conformit\u00e0 al Regolamento UE n. 2016\/679 (di seguito, \u201cGDPR\u201d), da Ge.Ri.\" \/>\n<meta name=\"robots\" content=\"index, follow, max-snippet:-1, max-image-preview:large, max-video-preview:-1\" \/>\n<link rel=\"canonical\" href=\"https:\/\/www.geri.it\/ita\/privacy-policy\/\" \/>\n<meta property=\"og:locale\" content=\"it_IT\" \/>\n<meta property=\"og:type\" content=\"article\" \/>\n<meta property=\"og:title\" content=\"Privacy Policy - GERI.IT - Recupero crediti - Milano\" \/>\n<meta property=\"og:description\" content=\"Privacy policy dei GERI - La presente informativa \u00e8 resa in conformit\u00e0 al Regolamento UE n. 2016\/679 (di seguito, \u201cGDPR\u201d), da Ge.Ri.\" \/>\n<meta property=\"og:url\" content=\"https:\/\/www.geri.it\/ita\/privacy-policy\/\" \/>\n<meta property=\"og:site_name\" content=\"GERI.IT\" \/>\n<meta property=\"article:modified_time\" content=\"2025-01-08T10:44:48+00:00\" \/>\n<meta name=\"twitter:card\" content=\"summary_large_image\" \/>\n<script type=\"application\/ld+json\" class=\"yoast-schema-graph\">{\"@context\":\"https:\/\/schema.org\",\"@graph\":[{\"@type\":\"WebSite\",\"@id\":\"https:\/\/www.geri.it\/ita\/#website\",\"url\":\"https:\/\/www.geri.it\/ita\/\",\"name\":\"GERI.IT\",\"description\":\"Diamo credito al tuo Business\",\"potentialAction\":[{\"@type\":\"SearchAction\",\"target\":\"https:\/\/www.geri.it\/ita\/?s={search_term_string}\",\"query-input\":\"required name=search_term_string\"}],\"inLanguage\":\"it-IT\"},{\"@type\":\"WebPage\",\"@id\":\"https:\/\/www.geri.it\/ita\/privacy-policy\/#webpage\",\"url\":\"https:\/\/www.geri.it\/ita\/privacy-policy\/\",\"name\":\"Privacy Policy - GERI.IT - Recupero crediti - Milano\",\"isPartOf\":{\"@id\":\"https:\/\/www.geri.it\/ita\/#website\"},\"datePublished\":\"2020-06-12T11:02:33+00:00\",\"dateModified\":\"2025-01-08T10:44:48+00:00\",\"description\":\"Privacy policy dei GERI - La presente informativa \\u00e8 resa in conformit\\u00e0 al Regolamento UE n. 2016\/679 (di seguito, \\u201cGDPR\\u201d), da Ge.Ri.\",\"inLanguage\":\"it-IT\",\"potentialAction\":[{\"@type\":\"ReadAction\",\"target\":[\"https:\/\/www.geri.it\/ita\/privacy-policy\/\"]}]}]}<\/script>\n<!-- \/ Yoast SEO plugin. -->","_links":{"self":[{"href":"https:\/\/www.geri.it\/ita\/wp-json\/wp\/v2\/pages\/3"}],"collection":[{"href":"https:\/\/www.geri.it\/ita\/wp-json\/wp\/v2\/pages"}],"about":[{"href":"https:\/\/www.geri.it\/ita\/wp-json\/wp\/v2\/types\/page"}],"author":[{"embeddable":true,"href":"https:\/\/www.geri.it\/ita\/wp-json\/wp\/v2\/users\/1"}],"replies":[{"embeddable":true,"href":"https:\/\/www.geri.it\/ita\/wp-json\/wp\/v2\/comments?post=3"}],"version-history":[{"count":10,"href":"https:\/\/www.geri.it\/ita\/wp-json\/wp\/v2\/pages\/3\/revisions"}],"predecessor-version":[{"id":12369,"href":"https:\/\/www.geri.it\/ita\/wp-json\/wp\/v2\/pages\/3\/revisions\/12369"}],"wp:attachment":[{"href":"https:\/\/www.geri.it\/ita\/wp-json\/wp\/v2\/media?parent=3"}],"curies":[{"name":"wp","href":"https:\/\/api.w.org\/{rel}","templated":true}]}}